{"id":588,"date":"2026-01-21T13:49:09","date_gmt":"2026-01-21T13:49:09","guid":{"rendered":"https:\/\/eselhof-donnersberg.de\/?page_id=588"},"modified":"2026-01-21T13:49:10","modified_gmt":"2026-01-21T13:49:10","slug":"trauerarbeit","status":"publish","type":"page","link":"https:\/\/eselhof-donnersberg.de\/?page_id=588","title":{"rendered":"Trauerarbeit"},"content":{"rendered":"\n<figure class=\"wp-block-gallery has-nested-images columns-default is-cropped wp-block-gallery-1 is-layout-flex wp-block-gallery-is-layout-flex\">\n<figure class=\"wp-block-image size-large\"><img fetchpriority=\"high\" decoding=\"async\" width=\"984\" height=\"934\" data-id=\"589\" src=\"https:\/\/eselhof-donnersberg.de\/wp-content\/uploads\/2026\/01\/1000041093.jpg\" alt=\"\" class=\"wp-image-589\" srcset=\"https:\/\/eselhof-donnersberg.de\/wp-content\/uploads\/2026\/01\/1000041093.jpg 984w, https:\/\/eselhof-donnersberg.de\/wp-content\/uploads\/2026\/01\/1000041093-300x285.jpg 300w, https:\/\/eselhof-donnersberg.de\/wp-content\/uploads\/2026\/01\/1000041093-768x729.jpg 768w\" sizes=\"(max-width: 984px) 100vw, 984px\" \/><\/figure>\n<\/figure>\n\n\n\n<p><strong>Trauerarbeit mit Eseln \u2013 Zeit f\u00fcr dich<\/strong><\/p>\n\n\n\n<p>Trauer ver\u00e4ndert alles.<br>Manchmal fehlen die Worte, manchmal auch die Kraft.<\/p>\n\n\n\n<p>Auf meinem Eselhof begleite ich Menschen in Trauer gemeinsam mit meinen Eseln.<br>Esel begegnen dir ohne Erwartungen. Sie bewerten nicht, dr\u00e4ngen nicht, tr\u00f6sten nicht mit Worten \u2013 sie sind einfach da.<br>In ihrer ruhigen, ehrlichen Art entsteht oft ein Raum, in dem Gef\u00fchle sein d\u00fcrfen, ohne erkl\u00e4rt werden zu m\u00fcssen.<\/p>\n\n\n\n<p>Ich gehe mit dir in deinem Tempo.<br>Ob im stillen Dasein bei den Eseln, beim achtsamen F\u00fchren oder bei einem ruhigen Gang durch die Natur \u2013 du entscheidest, was sich f\u00fcr dich richtig anf\u00fchlt.<br>Die Esel reagieren fein auf Stimmungen und K\u00f6rpersprache und k\u00f6nnen helfen, wieder Boden unter den F\u00fc\u00dfen zu sp\u00fcren und einen Moment der Ruhe zu finden.<\/p>\n\n\n\n<p>\ud83c\udf3f<br>Trauer darf langsam sein.<br>Und du musst diesen Weg nicht allein gehen.<\/p>\n\n\n\n<p><strong>Angebot auf meinem Eselhof:<\/strong><br>Trauerbegleitung mit Eseln in gesch\u00fctzter, ruhiger Atmosph\u00e4re<br>\u2013 Einzelangebote<br>\u2013 Zeit in der Natur<br>\u2013 achtsame Begegnungen mit den Eseln<\/p>\n\n\n\n<p>Wenn du Interesse hast oder Fragen auftauchen, melde dich gern bei mir.<br>Ich bin da.<\/p>\n","protected":false},"excerpt":{"rendered":"<p>Trauerarbeit mit Eseln \u2013 Zeit f\u00fcr dich Trauer ver\u00e4ndert alles.Manchmal fehlen die Worte, manchmal auch die Kraft. Auf meinem Eselhof begleite ich Menschen in Trauer gemeinsam mit meinen Eseln.Esel begegnen dir ohne Erwartungen. Sie bewerten nicht, dr\u00e4ngen nicht, tr\u00f6sten nicht mit Worten \u2013 sie sind einfach da.In ihrer ruhigen, ehrlichen Art entsteht oft ein Raum, [&hellip;]<\/p>\n","protected":false},"author":3,"featured_media":0,"parent":0,"menu_order":0,"comment_status":"closed","ping_status":"closed","template":"","meta":{"footnotes":""},"class_list":["post-588","page","type-page","status-publish","hentry"],"blocksy_meta":[],"yoast_head":"<!-- This site is optimized with the Yoast SEO plugin v25.9 - https:\/\/yoast.com\/wordpress\/plugins\/seo\/ -->\n<title>Trauerarbeit - Eselhof Donnersberg<\/title>\n<meta name=\"robots\" content=\"index, follow, max-snippet:-1, max-image-preview:large, max-video-preview:-1\" \/>\n<link rel=\"canonical\" href=\"https:\/\/eselhof-donnersberg.de\/?page_id=588\" \/>\n<meta property=\"og:locale\" content=\"de_DE\" \/>\n<meta property=\"og:type\" content=\"article\" \/>\n<meta property=\"og:title\" content=\"Trauerarbeit - Eselhof Donnersberg\" \/>\n<meta property=\"og:description\" content=\"Trauerarbeit mit Eseln \u2013 Zeit f\u00fcr dich Trauer ver\u00e4ndert alles.Manchmal fehlen die Worte, manchmal auch die Kraft. Auf meinem Eselhof begleite ich Menschen in Trauer gemeinsam mit meinen Eseln.Esel begegnen dir ohne Erwartungen. Sie bewerten nicht, dr\u00e4ngen nicht, tr\u00f6sten nicht mit Worten \u2013 sie sind einfach da.In ihrer ruhigen, ehrlichen Art entsteht oft ein Raum, [&hellip;]\" \/>\n<meta property=\"og:url\" content=\"https:\/\/eselhof-donnersberg.de\/?page_id=588\" \/>\n<meta property=\"og:site_name\" content=\"Eselhof Donnersberg\" \/>\n<meta property=\"article:publisher\" content=\"https:\/\/www.facebook.com\/share\/1JPA8h9SsN\/\" \/>\n<meta property=\"article:modified_time\" content=\"2026-01-21T13:49:10+00:00\" \/>\n<meta property=\"og:image\" content=\"https:\/\/eselhof-donnersberg.de\/wp-content\/uploads\/2026\/01\/1000041093.jpg\" \/>\n\t<meta property=\"og:image:width\" content=\"984\" \/>\n\t<meta property=\"og:image:height\" content=\"934\" \/>\n\t<meta property=\"og:image:type\" content=\"image\/jpeg\" \/>\n<meta name=\"twitter:card\" content=\"summary_large_image\" \/>\n<meta name=\"twitter:label1\" content=\"Gesch\u00e4tzte Lesezeit\" \/>\n\t<meta name=\"twitter:data1\" content=\"2\u00a0Minuten\" \/>\n<script type=\"application\/ld+json\" class=\"yoast-schema-graph\">{\"@context\":\"https:\/\/schema.org\",\"@graph\":[{\"@type\":\"WebPage\",\"@id\":\"https:\/\/eselhof-donnersberg.de\/?page_id=588\",\"url\":\"https:\/\/eselhof-donnersberg.de\/?page_id=588\",\"name\":\"Trauerarbeit - Eselhof Donnersberg\",\"isPartOf\":{\"@id\":\"https:\/\/eselhof-donnersberg.de\/#website\"},\"primaryImageOfPage\":{\"@id\":\"https:\/\/eselhof-donnersberg.de\/?page_id=588#primaryimage\"},\"image\":{\"@id\":\"https:\/\/eselhof-donnersberg.de\/?page_id=588#primaryimage\"},\"thumbnailUrl\":\"https:\/\/eselhof-donnersberg.de\/wp-content\/uploads\/2026\/01\/1000041093.jpg\",\"datePublished\":\"2026-01-21T13:49:09+00:00\",\"dateModified\":\"2026-01-21T13:49:10+00:00\",\"breadcrumb\":{\"@id\":\"https:\/\/eselhof-donnersberg.de\/?page_id=588#breadcrumb\"},\"inLanguage\":\"de\",\"potentialAction\":[{\"@type\":\"ReadAction\",\"target\":[\"https:\/\/eselhof-donnersberg.de\/?page_id=588\"]}]},{\"@type\":\"ImageObject\",\"inLanguage\":\"de\",\"@id\":\"https:\/\/eselhof-donnersberg.de\/?page_id=588#primaryimage\",\"url\":\"https:\/\/eselhof-donnersberg.de\/wp-content\/uploads\/2026\/01\/1000041093.jpg\",\"contentUrl\":\"https:\/\/eselhof-donnersberg.de\/wp-content\/uploads\/2026\/01\/1000041093.jpg\",\"width\":984,\"height\":934},{\"@type\":\"BreadcrumbList\",\"@id\":\"https:\/\/eselhof-donnersberg.de\/?page_id=588#breadcrumb\",\"itemListElement\":[{\"@type\":\"ListItem\",\"position\":1,\"name\":\"Startseite\",\"item\":\"https:\/\/eselhof-donnersberg.de\/\"},{\"@type\":\"ListItem\",\"position\":2,\"name\":\"Trauerarbeit\"}]},{\"@type\":\"WebSite\",\"@id\":\"https:\/\/eselhof-donnersberg.de\/#website\",\"url\":\"https:\/\/eselhof-donnersberg.de\/\",\"name\":\"Eselhof Donnersberg\",\"description\":\"Reit-, Streichel- und Wanderhof\",\"publisher\":{\"@id\":\"https:\/\/eselhof-donnersberg.de\/#organization\"},\"potentialAction\":[{\"@type\":\"SearchAction\",\"target\":{\"@type\":\"EntryPoint\",\"urlTemplate\":\"https:\/\/eselhof-donnersberg.de\/?s={search_term_string}\"},\"query-input\":{\"@type\":\"PropertyValueSpecification\",\"valueRequired\":true,\"valueName\":\"search_term_string\"}}],\"inLanguage\":\"de\"},{\"@type\":\"Organization\",\"@id\":\"https:\/\/eselhof-donnersberg.de\/#organization\",\"name\":\"Eselhof Donnersberg\",\"url\":\"https:\/\/eselhof-donnersberg.de\/\",\"logo\":{\"@type\":\"ImageObject\",\"inLanguage\":\"de\",\"@id\":\"https:\/\/eselhof-donnersberg.de\/#\/schema\/logo\/image\/\",\"url\":\"https:\/\/eselhof-donnersberg.de\/wp-content\/uploads\/2025\/09\/Eselhof-Donnersberg-Logo-e1758113587797.png\",\"contentUrl\":\"https:\/\/eselhof-donnersberg.de\/wp-content\/uploads\/2025\/09\/Eselhof-Donnersberg-Logo-e1758113587797.png\",\"width\":1157,\"height\":893,\"caption\":\"Eselhof Donnersberg\"},\"image\":{\"@id\":\"https:\/\/eselhof-donnersberg.de\/#\/schema\/logo\/image\/\"},\"sameAs\":[\"https:\/\/www.facebook.com\/share\/1JPA8h9SsN\/\"]}]}<\/script>\n<!-- \/ Yoast SEO plugin. -->","yoast_head_json":{"title":"Trauerarbeit - Eselhof Donnersberg","robots":{"index":"index","follow":"follow","max-snippet":"max-snippet:-1","max-image-preview":"max-image-preview:large","max-video-preview":"max-video-preview:-1"},"canonical":"https:\/\/eselhof-donnersberg.de\/?page_id=588","og_locale":"de_DE","og_type":"article","og_title":"Trauerarbeit - Eselhof Donnersberg","og_description":"Trauerarbeit mit Eseln \u2013 Zeit f\u00fcr dich Trauer ver\u00e4ndert alles.Manchmal fehlen die Worte, manchmal auch die Kraft. Auf meinem Eselhof begleite ich Menschen in Trauer gemeinsam mit meinen Eseln.Esel begegnen dir ohne Erwartungen. Sie bewerten nicht, dr\u00e4ngen nicht, tr\u00f6sten nicht mit Worten \u2013 sie sind einfach da.In ihrer ruhigen, ehrlichen Art entsteht oft ein Raum, [&hellip;]","og_url":"https:\/\/eselhof-donnersberg.de\/?page_id=588","og_site_name":"Eselhof Donnersberg","article_publisher":"https:\/\/www.facebook.com\/share\/1JPA8h9SsN\/","article_modified_time":"2026-01-21T13:49:10+00:00","og_image":[{"width":984,"height":934,"url":"https:\/\/eselhof-donnersberg.de\/wp-content\/uploads\/2026\/01\/1000041093.jpg","type":"image\/jpeg"}],"twitter_card":"summary_large_image","twitter_misc":{"Gesch\u00e4tzte Lesezeit":"2\u00a0Minuten"},"schema":{"@context":"https:\/\/schema.org","@graph":[{"@type":"WebPage","@id":"https:\/\/eselhof-donnersberg.de\/?page_id=588","url":"https:\/\/eselhof-donnersberg.de\/?page_id=588","name":"Trauerarbeit - Eselhof Donnersberg","isPartOf":{"@id":"https:\/\/eselhof-donnersberg.de\/#website"},"primaryImageOfPage":{"@id":"https:\/\/eselhof-donnersberg.de\/?page_id=588#primaryimage"},"image":{"@id":"https:\/\/eselhof-donnersberg.de\/?page_id=588#primaryimage"},"thumbnailUrl":"https:\/\/eselhof-donnersberg.de\/wp-content\/uploads\/2026\/01\/1000041093.jpg","datePublished":"2026-01-21T13:49:09+00:00","dateModified":"2026-01-21T13:49:10+00:00","breadcrumb":{"@id":"https:\/\/eselhof-donnersberg.de\/?page_id=588#breadcrumb"},"inLanguage":"de","potentialAction":[{"@type":"ReadAction","target":["https:\/\/eselhof-donnersberg.de\/?page_id=588"]}]},{"@type":"ImageObject","inLanguage":"de","@id":"https:\/\/eselhof-donnersberg.de\/?page_id=588#primaryimage","url":"https:\/\/eselhof-donnersberg.de\/wp-content\/uploads\/2026\/01\/1000041093.jpg","contentUrl":"https:\/\/eselhof-donnersberg.de\/wp-content\/uploads\/2026\/01\/1000041093.jpg","width":984,"height":934},{"@type":"BreadcrumbList","@id":"https:\/\/eselhof-donnersberg.de\/?page_id=588#breadcrumb","itemListElement":[{"@type":"ListItem","position":1,"name":"Startseite","item":"https:\/\/eselhof-donnersberg.de\/"},{"@type":"ListItem","position":2,"name":"Trauerarbeit"}]},{"@type":"WebSite","@id":"https:\/\/eselhof-donnersberg.de\/#website","url":"https:\/\/eselhof-donnersberg.de\/","name":"Eselhof Donnersberg","description":"Reit-, Streichel- und Wanderhof","publisher":{"@id":"https:\/\/eselhof-donnersberg.de\/#organization"},"potentialAction":[{"@type":"SearchAction","target":{"@type":"EntryPoint","urlTemplate":"https:\/\/eselhof-donnersberg.de\/?s={search_term_string}"},"query-input":{"@type":"PropertyValueSpecification","valueRequired":true,"valueName":"search_term_string"}}],"inLanguage":"de"},{"@type":"Organization","@id":"https:\/\/eselhof-donnersberg.de\/#organization","name":"Eselhof Donnersberg","url":"https:\/\/eselhof-donnersberg.de\/","logo":{"@type":"ImageObject","inLanguage":"de","@id":"https:\/\/eselhof-donnersberg.de\/#\/schema\/logo\/image\/","url":"https:\/\/eselhof-donnersberg.de\/wp-content\/uploads\/2025\/09\/Eselhof-Donnersberg-Logo-e1758113587797.png","contentUrl":"https:\/\/eselhof-donnersberg.de\/wp-content\/uploads\/2025\/09\/Eselhof-Donnersberg-Logo-e1758113587797.png","width":1157,"height":893,"caption":"Eselhof Donnersberg"},"image":{"@id":"https:\/\/eselhof-donnersberg.de\/#\/schema\/logo\/image\/"},"sameAs":["https:\/\/www.facebook.com\/share\/1JPA8h9SsN\/"]}]}},"_links":{"self":[{"href":"https:\/\/eselhof-donnersberg.de\/index.php?rest_route=\/wp\/v2\/pages\/588","targetHints":{"allow":["GET"]}}],"collection":[{"href":"https:\/\/eselhof-donnersberg.de\/index.php?rest_route=\/wp\/v2\/pages"}],"about":[{"href":"https:\/\/eselhof-donnersberg.de\/index.php?rest_route=\/wp\/v2\/types\/page"}],"author":[{"embeddable":true,"href":"https:\/\/eselhof-donnersberg.de\/index.php?rest_route=\/wp\/v2\/users\/3"}],"replies":[{"embeddable":true,"href":"https:\/\/eselhof-donnersberg.de\/index.php?rest_route=%2Fwp%2Fv2%2Fcomments&post=588"}],"version-history":[{"count":1,"href":"https:\/\/eselhof-donnersberg.de\/index.php?rest_route=\/wp\/v2\/pages\/588\/revisions"}],"predecessor-version":[{"id":590,"href":"https:\/\/eselhof-donnersberg.de\/index.php?rest_route=\/wp\/v2\/pages\/588\/revisions\/590"}],"wp:attachment":[{"href":"https:\/\/eselhof-donnersberg.de\/index.php?rest_route=%2Fwp%2Fv2%2Fmedia&parent=588"}],"curies":[{"name":"wp","href":"https:\/\/api.w.org\/{rel}","templated":true}]}}