{"id":210,"date":"2025-10-07T10:51:30","date_gmt":"2025-10-07T10:51:30","guid":{"rendered":"https:\/\/eselhof-donnersberg.de\/?page_id=210"},"modified":"2025-10-26T14:06:26","modified_gmt":"2025-10-26T14:06:26","slug":"impressum","status":"publish","type":"page","link":"https:\/\/eselhof-donnersberg.de\/?page_id=210","title":{"rendered":"Impressum"},"content":{"rendered":"\n<p><\/p>\n\n\n\n<p class=\"has-x-large-font-size\"><strong>Impressum<\/strong><\/p>\n\n\n\n<p>Verantwortlich f\u00fcr den Inhalt dieser Website gem\u00e4\u00df \u00a7 5 DDG (Digitales Dienste-Gesetz) sowie weiteren gesetzlichen Pflichtangaben:<\/p>\n\n\n\n<p><strong>Eselhof Donnersberg<\/strong><br>Markus und Nicole Christ GbR<br>Bastenhaus 6<br>67814 Dannenfels<br>Rheinland-Pfalz, DE<\/p>\n\n\n\n<p><strong>Kontakt:<\/strong><br>Telefon: <a href=\"tel:+491781527220\">0178 \/ 1527220<\/a><br>E-Mail: <a href=\"mailto:info@eselhof-donnersberg.de\">info@eselhof-donnersberg.de<\/a><br>Webseite: <a href=\"http:\/\/www.eselhof-donnersberg.de\">www.eselhof-donnersberg.de<\/a><\/p>\n\n\n\n<p><strong>Verantwortlich f\u00fcr redaktionelle Inhalte:<\/strong><br>Markus und Nicole Christ GbR<br>Bastenhaus 6<br>67814 Dannenfels<br>Rheinland-Pfalz, DE<\/p>\n\n\n\n<p><strong>Hinweis zur Online-Streitbeilegung:<\/strong><br>Die EU-Kommission stellt eine Plattform zur Online-Streitbeilegung (OS) bereit: <a>https:\/\/ec.europa.eu\/consumers\/odr\/<\/a><br>Unsere E-Mail-Adresse gilt als erreichbar f\u00fcr Verbraucherschlichtung.<\/p>\n\n\n\n<hr class=\"wp-block-separator has-text-color has-palette-color-2-color has-alpha-channel-opacity has-palette-color-2-background-color has-background\"\/>\n\n\n\n<p><strong>Haftungsausschluss (Kurzfassung)<\/strong><br>Trotz sorgf\u00e4ltiger inhaltlicher Kontrolle \u00fcbernehmen wir keine Haftung f\u00fcr die Inhalte externer Links. F\u00fcr die Inhalte der verlinkten Seiten sind ausschlie\u00dflich deren Betreiber verantwortlich.<\/p>\n\n\n\n<p><\/p>\n\n\n\n<p><\/p>\n\n\n\n<p><\/p>\n","protected":false},"excerpt":{"rendered":"<p>Impressum Verantwortlich f\u00fcr den Inhalt dieser Website gem\u00e4\u00df \u00a7 5 DDG (Digitales Dienste-Gesetz) sowie weiteren gesetzlichen Pflichtangaben: Eselhof DonnersbergMarkus und Nicole Christ GbRBastenhaus 667814 DannenfelsRheinland-Pfalz, DE Kontakt:Telefon: 0178 \/ 1527220E-Mail: info@eselhof-donnersberg.deWebseite: www.eselhof-donnersberg.de Verantwortlich f\u00fcr redaktionelle Inhalte:Markus und Nicole Christ GbRBastenhaus 667814 DannenfelsRheinland-Pfalz, DE Hinweis zur Online-Streitbeilegung:Die EU-Kommission stellt eine Plattform zur Online-Streitbeilegung (OS) bereit: https:\/\/ec.europa.eu\/consumers\/odr\/Unsere [&hellip;]<\/p>\n","protected":false},"author":1,"featured_media":0,"parent":0,"menu_order":0,"comment_status":"closed","ping_status":"closed","template":"","meta":{"footnotes":""},"class_list":["post-210","page","type-page","status-publish","hentry"],"blocksy_meta":[],"yoast_head":"<!-- This site is optimized with the Yoast SEO plugin v25.9 - https:\/\/yoast.com\/wordpress\/plugins\/seo\/ -->\n<title>Impressum - Eselhof Donnersberg<\/title>\n<meta name=\"robots\" content=\"index, follow, max-snippet:-1, max-image-preview:large, max-video-preview:-1\" \/>\n<link rel=\"canonical\" href=\"https:\/\/eselhof-donnersberg.de\/?page_id=210\" \/>\n<meta property=\"og:locale\" content=\"de_DE\" \/>\n<meta property=\"og:type\" content=\"article\" \/>\n<meta property=\"og:title\" content=\"Impressum - Eselhof Donnersberg\" \/>\n<meta property=\"og:description\" content=\"Impressum Verantwortlich f\u00fcr den Inhalt dieser Website gem\u00e4\u00df \u00a7 5 DDG (Digitales Dienste-Gesetz) sowie weiteren gesetzlichen Pflichtangaben: Eselhof DonnersbergMarkus und Nicole Christ GbRBastenhaus 667814 DannenfelsRheinland-Pfalz, DE Kontakt:Telefon: 0178 \/ 1527220E-Mail: info@eselhof-donnersberg.deWebseite: www.eselhof-donnersberg.de Verantwortlich f\u00fcr redaktionelle Inhalte:Markus und Nicole Christ GbRBastenhaus 667814 DannenfelsRheinland-Pfalz, DE Hinweis zur Online-Streitbeilegung:Die EU-Kommission stellt eine Plattform zur Online-Streitbeilegung (OS) bereit: https:\/\/ec.europa.eu\/consumers\/odr\/Unsere [&hellip;]\" \/>\n<meta property=\"og:url\" content=\"https:\/\/eselhof-donnersberg.de\/?page_id=210\" \/>\n<meta property=\"og:site_name\" content=\"Eselhof Donnersberg\" \/>\n<meta property=\"article:publisher\" content=\"https:\/\/www.facebook.com\/share\/1JPA8h9SsN\/\" \/>\n<meta property=\"article:modified_time\" content=\"2025-10-26T14:06:26+00:00\" \/>\n<meta name=\"twitter:card\" content=\"summary_large_image\" \/>\n<meta name=\"twitter:label1\" content=\"Gesch\u00e4tzte Lesezeit\" \/>\n\t<meta name=\"twitter:data1\" content=\"1\u00a0Minute\" \/>\n<script type=\"application\/ld+json\" class=\"yoast-schema-graph\">{\"@context\":\"https:\/\/schema.org\",\"@graph\":[{\"@type\":\"WebPage\",\"@id\":\"https:\/\/eselhof-donnersberg.de\/?page_id=210\",\"url\":\"https:\/\/eselhof-donnersberg.de\/?page_id=210\",\"name\":\"Impressum - Eselhof Donnersberg\",\"isPartOf\":{\"@id\":\"https:\/\/eselhof-donnersberg.de\/#website\"},\"datePublished\":\"2025-10-07T10:51:30+00:00\",\"dateModified\":\"2025-10-26T14:06:26+00:00\",\"breadcrumb\":{\"@id\":\"https:\/\/eselhof-donnersberg.de\/?page_id=210#breadcrumb\"},\"inLanguage\":\"de\",\"potentialAction\":[{\"@type\":\"ReadAction\",\"target\":[\"https:\/\/eselhof-donnersberg.de\/?page_id=210\"]}]},{\"@type\":\"BreadcrumbList\",\"@id\":\"https:\/\/eselhof-donnersberg.de\/?page_id=210#breadcrumb\",\"itemListElement\":[{\"@type\":\"ListItem\",\"position\":1,\"name\":\"Startseite\",\"item\":\"https:\/\/eselhof-donnersberg.de\/\"},{\"@type\":\"ListItem\",\"position\":2,\"name\":\"Impressum\"}]},{\"@type\":\"WebSite\",\"@id\":\"https:\/\/eselhof-donnersberg.de\/#website\",\"url\":\"https:\/\/eselhof-donnersberg.de\/\",\"name\":\"Eselhof Donnersberg\",\"description\":\"Reit-, Streichel- und Wanderhof\",\"publisher\":{\"@id\":\"https:\/\/eselhof-donnersberg.de\/#organization\"},\"potentialAction\":[{\"@type\":\"SearchAction\",\"target\":{\"@type\":\"EntryPoint\",\"urlTemplate\":\"https:\/\/eselhof-donnersberg.de\/?s={search_term_string}\"},\"query-input\":{\"@type\":\"PropertyValueSpecification\",\"valueRequired\":true,\"valueName\":\"search_term_string\"}}],\"inLanguage\":\"de\"},{\"@type\":\"Organization\",\"@id\":\"https:\/\/eselhof-donnersberg.de\/#organization\",\"name\":\"Eselhof Donnersberg\",\"url\":\"https:\/\/eselhof-donnersberg.de\/\",\"logo\":{\"@type\":\"ImageObject\",\"inLanguage\":\"de\",\"@id\":\"https:\/\/eselhof-donnersberg.de\/#\/schema\/logo\/image\/\",\"url\":\"https:\/\/eselhof-donnersberg.de\/wp-content\/uploads\/2025\/09\/Eselhof-Donnersberg-Logo-e1758113587797.png\",\"contentUrl\":\"https:\/\/eselhof-donnersberg.de\/wp-content\/uploads\/2025\/09\/Eselhof-Donnersberg-Logo-e1758113587797.png\",\"width\":1157,\"height\":893,\"caption\":\"Eselhof Donnersberg\"},\"image\":{\"@id\":\"https:\/\/eselhof-donnersberg.de\/#\/schema\/logo\/image\/\"},\"sameAs\":[\"https:\/\/www.facebook.com\/share\/1JPA8h9SsN\/\"]}]}<\/script>\n<!-- \/ Yoast SEO plugin. -->","yoast_head_json":{"title":"Impressum - Eselhof Donnersberg","robots":{"index":"index","follow":"follow","max-snippet":"max-snippet:-1","max-image-preview":"max-image-preview:large","max-video-preview":"max-video-preview:-1"},"canonical":"https:\/\/eselhof-donnersberg.de\/?page_id=210","og_locale":"de_DE","og_type":"article","og_title":"Impressum - Eselhof Donnersberg","og_description":"Impressum Verantwortlich f\u00fcr den Inhalt dieser Website gem\u00e4\u00df \u00a7 5 DDG (Digitales Dienste-Gesetz) sowie weiteren gesetzlichen Pflichtangaben: Eselhof DonnersbergMarkus und Nicole Christ GbRBastenhaus 667814 DannenfelsRheinland-Pfalz, DE Kontakt:Telefon: 0178 \/ 1527220E-Mail: info@eselhof-donnersberg.deWebseite: www.eselhof-donnersberg.de Verantwortlich f\u00fcr redaktionelle Inhalte:Markus und Nicole Christ GbRBastenhaus 667814 DannenfelsRheinland-Pfalz, DE Hinweis zur Online-Streitbeilegung:Die EU-Kommission stellt eine Plattform zur Online-Streitbeilegung (OS) bereit: https:\/\/ec.europa.eu\/consumers\/odr\/Unsere [&hellip;]","og_url":"https:\/\/eselhof-donnersberg.de\/?page_id=210","og_site_name":"Eselhof Donnersberg","article_publisher":"https:\/\/www.facebook.com\/share\/1JPA8h9SsN\/","article_modified_time":"2025-10-26T14:06:26+00:00","twitter_card":"summary_large_image","twitter_misc":{"Gesch\u00e4tzte Lesezeit":"1\u00a0Minute"},"schema":{"@context":"https:\/\/schema.org","@graph":[{"@type":"WebPage","@id":"https:\/\/eselhof-donnersberg.de\/?page_id=210","url":"https:\/\/eselhof-donnersberg.de\/?page_id=210","name":"Impressum - Eselhof Donnersberg","isPartOf":{"@id":"https:\/\/eselhof-donnersberg.de\/#website"},"datePublished":"2025-10-07T10:51:30+00:00","dateModified":"2025-10-26T14:06:26+00:00","breadcrumb":{"@id":"https:\/\/eselhof-donnersberg.de\/?page_id=210#breadcrumb"},"inLanguage":"de","potentialAction":[{"@type":"ReadAction","target":["https:\/\/eselhof-donnersberg.de\/?page_id=210"]}]},{"@type":"BreadcrumbList","@id":"https:\/\/eselhof-donnersberg.de\/?page_id=210#breadcrumb","itemListElement":[{"@type":"ListItem","position":1,"name":"Startseite","item":"https:\/\/eselhof-donnersberg.de\/"},{"@type":"ListItem","position":2,"name":"Impressum"}]},{"@type":"WebSite","@id":"https:\/\/eselhof-donnersberg.de\/#website","url":"https:\/\/eselhof-donnersberg.de\/","name":"Eselhof Donnersberg","description":"Reit-, Streichel- und Wanderhof","publisher":{"@id":"https:\/\/eselhof-donnersberg.de\/#organization"},"potentialAction":[{"@type":"SearchAction","target":{"@type":"EntryPoint","urlTemplate":"https:\/\/eselhof-donnersberg.de\/?s={search_term_string}"},"query-input":{"@type":"PropertyValueSpecification","valueRequired":true,"valueName":"search_term_string"}}],"inLanguage":"de"},{"@type":"Organization","@id":"https:\/\/eselhof-donnersberg.de\/#organization","name":"Eselhof Donnersberg","url":"https:\/\/eselhof-donnersberg.de\/","logo":{"@type":"ImageObject","inLanguage":"de","@id":"https:\/\/eselhof-donnersberg.de\/#\/schema\/logo\/image\/","url":"https:\/\/eselhof-donnersberg.de\/wp-content\/uploads\/2025\/09\/Eselhof-Donnersberg-Logo-e1758113587797.png","contentUrl":"https:\/\/eselhof-donnersberg.de\/wp-content\/uploads\/2025\/09\/Eselhof-Donnersberg-Logo-e1758113587797.png","width":1157,"height":893,"caption":"Eselhof Donnersberg"},"image":{"@id":"https:\/\/eselhof-donnersberg.de\/#\/schema\/logo\/image\/"},"sameAs":["https:\/\/www.facebook.com\/share\/1JPA8h9SsN\/"]}]}},"_links":{"self":[{"href":"https:\/\/eselhof-donnersberg.de\/index.php?rest_route=\/wp\/v2\/pages\/210","targetHints":{"allow":["GET"]}}],"collection":[{"href":"https:\/\/eselhof-donnersberg.de\/index.php?rest_route=\/wp\/v2\/pages"}],"about":[{"href":"https:\/\/eselhof-donnersberg.de\/index.php?rest_route=\/wp\/v2\/types\/page"}],"author":[{"embeddable":true,"href":"https:\/\/eselhof-donnersberg.de\/index.php?rest_route=\/wp\/v2\/users\/1"}],"replies":[{"embeddable":true,"href":"https:\/\/eselhof-donnersberg.de\/index.php?rest_route=%2Fwp%2Fv2%2Fcomments&post=210"}],"version-history":[{"count":5,"href":"https:\/\/eselhof-donnersberg.de\/index.php?rest_route=\/wp\/v2\/pages\/210\/revisions"}],"predecessor-version":[{"id":243,"href":"https:\/\/eselhof-donnersberg.de\/index.php?rest_route=\/wp\/v2\/pages\/210\/revisions\/243"}],"wp:attachment":[{"href":"https:\/\/eselhof-donnersberg.de\/index.php?rest_route=%2Fwp%2Fv2%2Fmedia&parent=210"}],"curies":[{"name":"wp","href":"https:\/\/api.w.org\/{rel}","templated":true}]}}